{"id":3057,"date":"2024-03-20T15:34:05","date_gmt":"2024-03-20T15:34:05","guid":{"rendered":"https:\/\/groundwater.pt\/casa-cor-de-rosa-mertola\/"},"modified":"2024-06-28T15:00:10","modified_gmt":"2024-06-28T15:00:10","slug":"casa-cor-de-rosa-mertola","status":"publish","type":"page","link":"https:\/\/groundwater.pt\/en\/casa-cor-de-rosa-mertola\/","title":{"rendered":"Casa Cor de Rosa &#8211; M\u00e9rtola"},"content":{"rendered":"\t\t<div data-elementor-type=\"wp-page\" data-elementor-id=\"3057\" class=\"elementor elementor-3057 elementor-554\" data-elementor-post-type=\"page\">\n\t\t\t\t<div class=\"elementor-element elementor-element-29efb41 e-flex e-con-boxed e-con e-parent\" data-id=\"29efb41\" data-element_type=\"container\" data-settings=\"{&quot;background_background&quot;:&quot;classic&quot;}\">\n\t\t\t\t\t<div class=\"e-con-inner\">\n\t\t\t\t<div class=\"elementor-element elementor-element-7845b3e elementor-widget elementor-widget-heading\" data-id=\"7845b3e\" data-element_type=\"widget\" data-widget_type=\"heading.default\">\n\t\t\t\t<div class=\"elementor-widget-container\">\n\t\t\t<style>\/*! elementor - v3.21.0 - 22-05-2024 *\/\n.elementor-heading-title{padding:0;margin:0;line-height:1}.elementor-widget-heading .elementor-heading-title[class*=elementor-size-]>a{color:inherit;font-size:inherit;line-height:inherit}.elementor-widget-heading .elementor-heading-title.elementor-size-small{font-size:15px}.elementor-widget-heading .elementor-heading-title.elementor-size-medium{font-size:19px}.elementor-widget-heading .elementor-heading-title.elementor-size-large{font-size:29px}.elementor-widget-heading .elementor-heading-title.elementor-size-xl{font-size:39px}.elementor-widget-heading .elementor-heading-title.elementor-size-xxl{font-size:59px}<\/style><h2 class=\"elementor-heading-title elementor-size-default\">Casa Cor de Rosa - M\u00e9rtola<\/h2>\t\t<\/div>\n\t\t\t\t<\/div>\n\t\t\t\t\t<\/div>\n\t\t\t\t<\/div>\n\t\t<div class=\"elementor-element elementor-element-2ae1b30 e-flex e-con-boxed e-con e-parent\" data-id=\"2ae1b30\" data-element_type=\"container\">\n\t\t\t\t\t<div class=\"e-con-inner\">\n\t\t\t\t<div class=\"elementor-element elementor-element-e11d58c elementor-widget elementor-widget-spacer\" data-id=\"e11d58c\" data-element_type=\"widget\" data-widget_type=\"spacer.default\">\n\t\t\t\t<div class=\"elementor-widget-container\">\n\t\t\t<style>\/*! elementor - v3.21.0 - 22-05-2024 *\/\n.elementor-column .elementor-spacer-inner{height:var(--spacer-size)}.e-con{--container-widget-width:100%}.e-con-inner>.elementor-widget-spacer,.e-con>.elementor-widget-spacer{width:var(--container-widget-width,var(--spacer-size));--align-self:var(--container-widget-align-self,initial);--flex-shrink:0}.e-con-inner>.elementor-widget-spacer>.elementor-widget-container,.e-con>.elementor-widget-spacer>.elementor-widget-container{height:100%;width:100%}.e-con-inner>.elementor-widget-spacer>.elementor-widget-container>.elementor-spacer,.e-con>.elementor-widget-spacer>.elementor-widget-container>.elementor-spacer{height:100%}.e-con-inner>.elementor-widget-spacer>.elementor-widget-container>.elementor-spacer>.elementor-spacer-inner,.e-con>.elementor-widget-spacer>.elementor-widget-container>.elementor-spacer>.elementor-spacer-inner{height:var(--container-widget-height,var(--spacer-size))}.e-con-inner>.elementor-widget-spacer.elementor-widget-empty,.e-con>.elementor-widget-spacer.elementor-widget-empty{position:relative;min-height:22px;min-width:22px}.e-con-inner>.elementor-widget-spacer.elementor-widget-empty .elementor-widget-empty-icon,.e-con>.elementor-widget-spacer.elementor-widget-empty .elementor-widget-empty-icon{position:absolute;top:0;bottom:0;left:0;right:0;margin:auto;padding:0;width:22px;height:22px}<\/style>\t\t<div class=\"elementor-spacer\">\n\t\t\t<div class=\"elementor-spacer-inner\"><\/div>\n\t\t<\/div>\n\t\t\t\t<\/div>\n\t\t\t\t<\/div>\n\t\t\t\t\t<\/div>\n\t\t\t\t<\/div>\n\t\t<div class=\"elementor-element elementor-element-2c71be4 e-flex e-con-boxed e-con e-parent\" data-id=\"2c71be4\" data-element_type=\"container\">\n\t\t\t\t\t<div class=\"e-con-inner\">\n\t\t\t\t<div class=\"elementor-element elementor-element-54a78bb elementor-arrows-position-inside elementor-pagination-position-outside elementor-widget elementor-widget-image-carousel\" data-id=\"54a78bb\" data-element_type=\"widget\" data-settings=\"{&quot;slides_to_show&quot;:&quot;3&quot;,&quot;slides_to_scroll&quot;:&quot;1&quot;,&quot;image_spacing_custom&quot;:{&quot;unit&quot;:&quot;px&quot;,&quot;size&quot;:7,&quot;sizes&quot;:[]},&quot;navigation&quot;:&quot;both&quot;,&quot;autoplay&quot;:&quot;yes&quot;,&quot;pause_on_hover&quot;:&quot;yes&quot;,&quot;pause_on_interaction&quot;:&quot;yes&quot;,&quot;autoplay_speed&quot;:5000,&quot;infinite&quot;:&quot;yes&quot;,&quot;speed&quot;:500,&quot;image_spacing_custom_widescreen&quot;:{&quot;unit&quot;:&quot;px&quot;,&quot;size&quot;:&quot;&quot;,&quot;sizes&quot;:[]},&quot;image_spacing_custom_laptop&quot;:{&quot;unit&quot;:&quot;px&quot;,&quot;size&quot;:&quot;&quot;,&quot;sizes&quot;:[]},&quot;image_spacing_custom_tablet_extra&quot;:{&quot;unit&quot;:&quot;px&quot;,&quot;size&quot;:&quot;&quot;,&quot;sizes&quot;:[]},&quot;image_spacing_custom_tablet&quot;:{&quot;unit&quot;:&quot;px&quot;,&quot;size&quot;:&quot;&quot;,&quot;sizes&quot;:[]},&quot;image_spacing_custom_mobile_extra&quot;:{&quot;unit&quot;:&quot;px&quot;,&quot;size&quot;:&quot;&quot;,&quot;sizes&quot;:[]},&quot;image_spacing_custom_mobile&quot;:{&quot;unit&quot;:&quot;px&quot;,&quot;size&quot;:&quot;&quot;,&quot;sizes&quot;:[]}}\" data-widget_type=\"image-carousel.default\">\n\t\t\t\t<div class=\"elementor-widget-container\">\n\t\t\t<style>\/*! elementor - v3.21.0 - 22-05-2024 *\/\n.elementor-widget-image-carousel .swiper,.elementor-widget-image-carousel .swiper-container{position:static}.elementor-widget-image-carousel .swiper-container .swiper-slide figure,.elementor-widget-image-carousel .swiper .swiper-slide figure{line-height:inherit}.elementor-widget-image-carousel .swiper-slide{text-align:center}.elementor-image-carousel-wrapper:not(.swiper-container-initialized):not(.swiper-initialized) .swiper-slide{max-width:calc(100% \/ var(--e-image-carousel-slides-to-show, 3))}<\/style>\t\t<div class=\"elementor-image-carousel-wrapper swiper\" dir=\"ltr\">\n\t\t\t<div class=\"elementor-image-carousel swiper-wrapper swiper-image-stretch\" aria-live=\"off\">\n\t\t\t\t\t\t\t\t<div class=\"swiper-slide\" role=\"group\" aria-roledescription=\"slide\" aria-label=\"1 of 6\"><figure class=\"swiper-slide-inner\"><img decoding=\"async\" class=\"swiper-slide-image\" src=\"https:\/\/groundwater.pt\/wp-content\/uploads\/2024\/03\/7-3-768x768.png\" alt=\"7\" \/><\/figure><\/div><div class=\"swiper-slide\" role=\"group\" aria-roledescription=\"slide\" aria-label=\"2 of 6\"><figure class=\"swiper-slide-inner\"><img decoding=\"async\" class=\"swiper-slide-image\" src=\"https:\/\/groundwater.pt\/wp-content\/uploads\/2024\/03\/8-2-768x768.png\" alt=\"8\" \/><\/figure><\/div><div class=\"swiper-slide\" role=\"group\" aria-roledescription=\"slide\" aria-label=\"3 of 6\"><figure class=\"swiper-slide-inner\"><img decoding=\"async\" class=\"swiper-slide-image\" src=\"https:\/\/groundwater.pt\/wp-content\/uploads\/2024\/03\/9-2-768x768.png\" alt=\"9\" \/><\/figure><\/div><div class=\"swiper-slide\" role=\"group\" aria-roledescription=\"slide\" aria-label=\"4 of 6\"><figure class=\"swiper-slide-inner\"><img decoding=\"async\" class=\"swiper-slide-image\" src=\"https:\/\/groundwater.pt\/wp-content\/uploads\/2024\/03\/10-2-768x768.png\" alt=\"10\" \/><\/figure><\/div><div class=\"swiper-slide\" role=\"group\" aria-roledescription=\"slide\" aria-label=\"5 of 6\"><figure class=\"swiper-slide-inner\"><img decoding=\"async\" class=\"swiper-slide-image\" src=\"https:\/\/groundwater.pt\/wp-content\/uploads\/2024\/03\/11-2-768x768.png\" alt=\"Casa Cor de Rosa, M\u00e9rtola | Ground Water\" \/><\/figure><\/div><div class=\"swiper-slide\" role=\"group\" aria-roledescription=\"slide\" aria-label=\"6 of 6\"><figure class=\"swiper-slide-inner\"><img decoding=\"async\" class=\"swiper-slide-image\" src=\"https:\/\/groundwater.pt\/wp-content\/uploads\/2024\/03\/12-2-768x768.png\" alt=\"12\" \/><\/figure><\/div>\t\t\t<\/div>\n\t\t\t\t\t\t\t\t\t\t\t\t<div class=\"elementor-swiper-button elementor-swiper-button-prev\" role=\"button\" tabindex=\"0\">\n\t\t\t\t\t\t<svg aria-hidden=\"true\" class=\"e-font-icon-svg e-eicon-chevron-left\" viewBox=\"0 0 1000 1000\" xmlns=\"http:\/\/www.w3.org\/2000\/svg\"><path d=\"M646 125C629 125 613 133 604 142L308 442C296 454 292 471 292 487 292 504 296 521 308 533L604 854C617 867 629 875 646 875 663 875 679 871 692 858 704 846 713 829 713 812 713 796 708 779 692 767L438 487 692 225C700 217 708 204 708 187 708 171 704 154 692 142 675 129 663 125 646 125Z\"><\/path><\/svg>\t\t\t\t\t<\/div>\n\t\t\t\t\t<div class=\"elementor-swiper-button elementor-swiper-button-next\" role=\"button\" tabindex=\"0\">\n\t\t\t\t\t\t<svg aria-hidden=\"true\" class=\"e-font-icon-svg e-eicon-chevron-right\" viewBox=\"0 0 1000 1000\" xmlns=\"http:\/\/www.w3.org\/2000\/svg\"><path d=\"M696 533C708 521 713 504 713 487 713 471 708 454 696 446L400 146C388 133 375 125 354 125 338 125 325 129 313 142 300 154 292 171 292 187 292 204 296 221 308 233L563 492 304 771C292 783 288 800 288 817 288 833 296 850 308 863 321 871 338 875 354 875 371 875 388 867 400 854L696 533Z\"><\/path><\/svg>\t\t\t\t\t<\/div>\n\t\t\t\t\n\t\t\t\t\t\t\t\t\t<div class=\"swiper-pagination\"><\/div>\n\t\t\t\t\t\t\t\t\t<\/div>\n\t\t\t\t<\/div>\n\t\t\t\t<\/div>\n\t\t\t\t\t<\/div>\n\t\t\t\t<\/div>\n\t\t<div class=\"elementor-element elementor-element-eeeac64 e-flex e-con-boxed e-con e-parent\" data-id=\"eeeac64\" data-element_type=\"container\">\n\t\t\t\t\t<div class=\"e-con-inner\">\n\t\t\t\t<div class=\"elementor-element elementor-element-6a81508 elementor-widget elementor-widget-icon-box\" data-id=\"6a81508\" data-element_type=\"widget\" data-widget_type=\"icon-box.default\">\n\t\t\t\t<div class=\"elementor-widget-container\">\n\t\t\t<link rel=\"stylesheet\" href=\"https:\/\/groundwater.pt\/wp-content\/uploads\/elementor\/css\/custom-widget-icon-box.min.css?ver=1717971525\">\t\t<div class=\"elementor-icon-box-wrapper\">\n\n\t\t\t\n\t\t\t\t\t\t<div class=\"elementor-icon-box-content\">\n\n\t\t\t\t\n\t\t\t\t\t\t\t\t\t<p class=\"elementor-icon-box-description\">\n\t\t\t\t\t\tCasa Cor de Rosa - M\u00e9rtola  \t\t\t\t\t<\/p>\n\t\t\t\t\n\t\t\t<\/div>\n\t\t\t\n\t\t<\/div>\n\t\t\t\t<\/div>\n\t\t\t\t<\/div>\n\t\t\t\t<div class=\"elementor-element elementor-element-d373cf4 elementor-widget elementor-widget-text-editor\" data-id=\"d373cf4\" data-element_type=\"widget\" data-widget_type=\"text-editor.default\">\n\t\t\t\t<div class=\"elementor-widget-container\">\n\t\t\t<style>\/*! elementor - v3.21.0 - 22-05-2024 *\/\n.elementor-widget-text-editor.elementor-drop-cap-view-stacked .elementor-drop-cap{background-color:#69727d;color:#fff}.elementor-widget-text-editor.elementor-drop-cap-view-framed .elementor-drop-cap{color:#69727d;border:3px solid;background-color:transparent}.elementor-widget-text-editor:not(.elementor-drop-cap-view-default) .elementor-drop-cap{margin-top:8px}.elementor-widget-text-editor:not(.elementor-drop-cap-view-default) .elementor-drop-cap-letter{width:1em;height:1em}.elementor-widget-text-editor .elementor-drop-cap{float:left;text-align:center;line-height:1;font-size:50px}.elementor-widget-text-editor .elementor-drop-cap-letter{display:inline-block}<\/style>\t\t\t\t<p><a href=\"https:\/\/www.cm-mertola.pt\/municipio\/projetos-co-financiados\/item\/3581-reabilitacao-integral-da-casa-cor-de-rosa\">Casa Cor de Rosa in M\u00e9rtola<\/a> is a neoclassical building located in the historic center of M\u00e9rtola.<\/p>\n<p>A heating, ventilation and air conditioning system (HVAC) and a specialized technical management system (TCM) were installed to <span style=\"color: var( --e-global-color-text ); font-family: var( --e-global-typography-text-font-family ), Sans-serif; font-size: var( --e-global-typography-text-font-size ); font-style: var( --e-global-typography-text-font-style ); font-weight: var( --e-global-typography-text-font-weight ); text-transform: var( --e-global-typography-text-text-transform );\">control the heating and air conditioning systems<\/span><span style=\"color: var( --e-global-color-text ); font-family: var( --e-global-typography-text-font-family ), Sans-serif; font-size: var( --e-global-typography-text-font-size ); font-style: var( --e-global-typography-text-font-style ); font-weight: var( --e-global-typography-text-font-weight ); text-transform: var( --e-global-typography-text-text-transform );\">. The heating system includes a <strong>b<\/strong><\/span><span style=\"color: var( --e-global-color-text ); font-family: var( --e-global-typography-text-font-family ), Sans-serif; font-size: var( --e-global-typography-text-font-size ); font-style: var( --e-global-typography-text-font-style ); font-weight: var( --e-global-typography-text-font-weight ); text-transform: var( --e-global-typography-text-text-transform );\"><strong>50kw heat pump<\/strong> (Blue Box brand), <strong>central<\/strong> heating plant,<\/span><span style=\"color: var( --e-global-color-text ); font-family: var( --e-global-typography-text-font-family ), Sans-serif; font-size: var( --e-global-typography-text-font-size ); font-style: var( --e-global-typography-text-font-style ); font-weight: var( --e-global-typography-text-font-weight ); text-transform: var( --e-global-typography-text-text-transform );\"> <strong>underfloor<\/strong> heating <strong>and radiant wall<\/strong> heating in the spa areas. Installation of an LG <strong>large-room cooling system<\/strong> (VRF) with ducting units, and installation of <strong>ventilation<\/strong> <strong>for<\/strong> the toilets.<\/span><\/p>\n\t\t\t\t\t\t<\/div>\n\t\t\t\t<\/div>\n\t\t\t\t\t<\/div>\n\t\t\t\t<\/div>\n\t\t<div class=\"elementor-element elementor-element-86b31fd e-flex e-con-boxed e-con e-parent\" data-id=\"86b31fd\" data-element_type=\"container\">\n\t\t\t\t\t<div class=\"e-con-inner\">\n\t\t\t\t<div class=\"elementor-element elementor-element-1b0c99f elementor-widget__width-initial elementor-tablet-align-left elementor-widget-tablet__width-initial elementor-align-right elementor-widget elementor-widget-button\" data-id=\"1b0c99f\" data-element_type=\"widget\" data-widget_type=\"button.default\">\n\t\t\t\t<div class=\"elementor-widget-container\">\n\t\t\t\t\t<div class=\"elementor-button-wrapper\">\n\t\t\t<a class=\"elementor-button elementor-button-link elementor-size-sm\" href=\"https:\/\/groundwater.pt\/projetos\/\">\n\t\t\t\t\t\t<span class=\"elementor-button-content-wrapper\">\n\t\t\t\t\t\t\t\t\t<span class=\"elementor-button-text\">BACK<\/span>\n\t\t\t\t\t<\/span>\n\t\t\t\t\t<\/a>\n\t\t<\/div>\n\t\t\t\t<\/div>\n\t\t\t\t<\/div>\n\t\t\t\t\t<\/div>\n\t\t\t\t<\/div>\n\t\t<div class=\"elementor-element elementor-element-ae86733 e-flex e-con-boxed e-con e-parent\" data-id=\"ae86733\" data-element_type=\"container\">\n\t\t\t\t\t<div class=\"e-con-inner\">\n\t\t\t\t<div class=\"elementor-element elementor-element-0927883 elementor-widget elementor-widget-spacer\" data-id=\"0927883\" data-element_type=\"widget\" data-widget_type=\"spacer.default\">\n\t\t\t\t<div class=\"elementor-widget-container\">\n\t\t\t\t\t<div class=\"elementor-spacer\">\n\t\t\t<div class=\"elementor-spacer-inner\"><\/div>\n\t\t<\/div>\n\t\t\t\t<\/div>\n\t\t\t\t<\/div>\n\t\t\t\t\t<\/div>\n\t\t\t\t<\/div>\n\t\t\t\t<\/div>\n\t\t","protected":false},"excerpt":{"rendered":"<p>Casa Cor de Rosa &#8211; M\u00e9rtola Casa Cor de Rosa &#8211; M\u00e9rtola Casa Cor de Rosa in M\u00e9rtola is a neoclassical building located in the historic center of M\u00e9rtola. A heating, ventilation and air conditioning system (HVAC) and a specialized technical management system (TCM) were installed to control the heating and air conditioning systems. The [&hellip;]<\/p>\n","protected":false},"author":1,"featured_media":2855,"parent":0,"menu_order":0,"comment_status":"closed","ping_status":"closed","template":"","meta":{"footnotes":""},"yoast_head":"<!-- This site is optimized with the Yoast SEO plugin v22.8 - https:\/\/yoast.com\/wordpress\/plugins\/seo\/ -->\n<title>Casa Cor de Rosa Project | Ground Water<\/title>\n<meta name=\"description\" content=\"A heating, ventilation and air conditioning system (HVAC) and a specialized technical management system (TCM) were installed.\" \/>\n<meta name=\"robots\" content=\"index, follow, max-snippet:-1, max-image-preview:large, max-video-preview:-1\" \/>\n<link rel=\"canonical\" href=\"https:\/\/groundwater.pt\/en\/casa-cor-de-rosa-mertola\/\" \/>\n<meta property=\"og:locale\" content=\"en_US\" \/>\n<meta property=\"og:type\" content=\"article\" \/>\n<meta property=\"og:title\" content=\"Casa Cor de Rosa Project | Ground Water\" \/>\n<meta property=\"og:description\" content=\"A heating, ventilation and air conditioning system (HVAC) and a specialized technical management system (TCM) were installed.\" \/>\n<meta property=\"og:url\" content=\"https:\/\/groundwater.pt\/en\/casa-cor-de-rosa-mertola\/\" \/>\n<meta property=\"og:site_name\" content=\"Ground Water\" \/>\n<meta property=\"article:publisher\" content=\"https:\/\/www.facebook.com\/groundwater.pt\/\" \/>\n<meta property=\"article:modified_time\" content=\"2024-06-28T15:00:10+00:00\" \/>\n<meta property=\"og:image\" content=\"http:\/\/groundwater.pt\/wp-content\/uploads\/2024\/03\/11-2.png\" \/>\n\t<meta property=\"og:image:width\" content=\"1080\" \/>\n\t<meta property=\"og:image:height\" content=\"1080\" \/>\n\t<meta property=\"og:image:type\" content=\"image\/png\" \/>\n<meta name=\"twitter:card\" content=\"summary_large_image\" \/>\n<meta name=\"twitter:label1\" content=\"Est. reading time\" \/>\n\t<meta name=\"twitter:data1\" content=\"3 minutes\" \/>\n<script type=\"application\/ld+json\" class=\"yoast-schema-graph\">{\"@context\":\"https:\/\/schema.org\",\"@graph\":[{\"@type\":\"WebPage\",\"@id\":\"https:\/\/groundwater.pt\/en\/casa-cor-de-rosa-mertola\/\",\"url\":\"https:\/\/groundwater.pt\/en\/casa-cor-de-rosa-mertola\/\",\"name\":\"Casa Cor de Rosa Project | Ground Water\",\"isPartOf\":{\"@id\":\"https:\/\/groundwater.pt\/#website\"},\"primaryImageOfPage\":{\"@id\":\"https:\/\/groundwater.pt\/en\/casa-cor-de-rosa-mertola\/#primaryimage\"},\"image\":{\"@id\":\"https:\/\/groundwater.pt\/en\/casa-cor-de-rosa-mertola\/#primaryimage\"},\"thumbnailUrl\":\"https:\/\/groundwater.pt\/wp-content\/uploads\/2024\/03\/11-2.png\",\"datePublished\":\"2024-03-20T15:34:05+00:00\",\"dateModified\":\"2024-06-28T15:00:10+00:00\",\"description\":\"A heating, ventilation and air conditioning system (HVAC) and a specialized technical management system (TCM) were installed.\",\"breadcrumb\":{\"@id\":\"https:\/\/groundwater.pt\/en\/casa-cor-de-rosa-mertola\/#breadcrumb\"},\"inLanguage\":\"en-US\",\"potentialAction\":[{\"@type\":\"ReadAction\",\"target\":[\"https:\/\/groundwater.pt\/en\/casa-cor-de-rosa-mertola\/\"]}]},{\"@type\":\"ImageObject\",\"inLanguage\":\"en-US\",\"@id\":\"https:\/\/groundwater.pt\/en\/casa-cor-de-rosa-mertola\/#primaryimage\",\"url\":\"https:\/\/groundwater.pt\/wp-content\/uploads\/2024\/03\/11-2.png\",\"contentUrl\":\"https:\/\/groundwater.pt\/wp-content\/uploads\/2024\/03\/11-2.png\",\"width\":1080,\"height\":1080,\"caption\":\"Casa Cor de Rosa, M\u00e9rtola | Ground Water\"},{\"@type\":\"BreadcrumbList\",\"@id\":\"https:\/\/groundwater.pt\/en\/casa-cor-de-rosa-mertola\/#breadcrumb\",\"itemListElement\":[{\"@type\":\"ListItem\",\"position\":1,\"name\":\"In\u00edcio\",\"item\":\"https:\/\/groundwater.pt\/en\/homepage\/\"},{\"@type\":\"ListItem\",\"position\":2,\"name\":\"Casa Cor de Rosa &#8211; M\u00e9rtola\"}]},{\"@type\":\"WebSite\",\"@id\":\"https:\/\/groundwater.pt\/#website\",\"url\":\"https:\/\/groundwater.pt\/\",\"name\":\"Ground Water\",\"description\":\"Instala\u00e7\u00e3o e manuten\u00e7\u00e3o de sistemas AVAC, energias renov\u00e1veis e instala\u00e7\u00f5es el\u00e9tricas\",\"publisher\":{\"@id\":\"https:\/\/groundwater.pt\/#organization\"},\"potentialAction\":[{\"@type\":\"SearchAction\",\"target\":{\"@type\":\"EntryPoint\",\"urlTemplate\":\"https:\/\/groundwater.pt\/?s={search_term_string}\"},\"query-input\":\"required name=search_term_string\"}],\"inLanguage\":\"en-US\"},{\"@type\":\"Organization\",\"@id\":\"https:\/\/groundwater.pt\/#organization\",\"name\":\"Ground Water\",\"url\":\"https:\/\/groundwater.pt\/\",\"logo\":{\"@type\":\"ImageObject\",\"inLanguage\":\"en-US\",\"@id\":\"https:\/\/groundwater.pt\/#\/schema\/logo\/image\/\",\"url\":\"https:\/\/groundwater.pt\/wp-content\/uploads\/2024\/01\/LOGO_GROUND_WATER_FINAL-01.png\",\"contentUrl\":\"https:\/\/groundwater.pt\/wp-content\/uploads\/2024\/01\/LOGO_GROUND_WATER_FINAL-01.png\",\"width\":451,\"height\":506,\"caption\":\"Ground Water\"},\"image\":{\"@id\":\"https:\/\/groundwater.pt\/#\/schema\/logo\/image\/\"},\"sameAs\":[\"https:\/\/www.facebook.com\/groundwater.pt\/\",\"https:\/\/www.linkedin.com\/company\/ground-water-lda\/\"]}]}<\/script>\n<!-- \/ Yoast SEO plugin. -->","yoast_head_json":{"title":"Casa Cor de Rosa Project | Ground Water","description":"A heating, ventilation and air conditioning system (HVAC) and a specialized technical management system (TCM) were installed.","robots":{"index":"index","follow":"follow","max-snippet":"max-snippet:-1","max-image-preview":"max-image-preview:large","max-video-preview":"max-video-preview:-1"},"canonical":"https:\/\/groundwater.pt\/en\/casa-cor-de-rosa-mertola\/","og_locale":"en_US","og_type":"article","og_title":"Casa Cor de Rosa Project | Ground Water","og_description":"A heating, ventilation and air conditioning system (HVAC) and a specialized technical management system (TCM) were installed.","og_url":"https:\/\/groundwater.pt\/en\/casa-cor-de-rosa-mertola\/","og_site_name":"Ground Water","article_publisher":"https:\/\/www.facebook.com\/groundwater.pt\/","article_modified_time":"2024-06-28T15:00:10+00:00","og_image":[{"width":1080,"height":1080,"url":"http:\/\/groundwater.pt\/wp-content\/uploads\/2024\/03\/11-2.png","type":"image\/png"}],"twitter_card":"summary_large_image","twitter_misc":{"Est. reading time":"3 minutes"},"schema":{"@context":"https:\/\/schema.org","@graph":[{"@type":"WebPage","@id":"https:\/\/groundwater.pt\/en\/casa-cor-de-rosa-mertola\/","url":"https:\/\/groundwater.pt\/en\/casa-cor-de-rosa-mertola\/","name":"Casa Cor de Rosa Project | Ground Water","isPartOf":{"@id":"https:\/\/groundwater.pt\/#website"},"primaryImageOfPage":{"@id":"https:\/\/groundwater.pt\/en\/casa-cor-de-rosa-mertola\/#primaryimage"},"image":{"@id":"https:\/\/groundwater.pt\/en\/casa-cor-de-rosa-mertola\/#primaryimage"},"thumbnailUrl":"https:\/\/groundwater.pt\/wp-content\/uploads\/2024\/03\/11-2.png","datePublished":"2024-03-20T15:34:05+00:00","dateModified":"2024-06-28T15:00:10+00:00","description":"A heating, ventilation and air conditioning system (HVAC) and a specialized technical management system (TCM) were installed.","breadcrumb":{"@id":"https:\/\/groundwater.pt\/en\/casa-cor-de-rosa-mertola\/#breadcrumb"},"inLanguage":"en-US","potentialAction":[{"@type":"ReadAction","target":["https:\/\/groundwater.pt\/en\/casa-cor-de-rosa-mertola\/"]}]},{"@type":"ImageObject","inLanguage":"en-US","@id":"https:\/\/groundwater.pt\/en\/casa-cor-de-rosa-mertola\/#primaryimage","url":"https:\/\/groundwater.pt\/wp-content\/uploads\/2024\/03\/11-2.png","contentUrl":"https:\/\/groundwater.pt\/wp-content\/uploads\/2024\/03\/11-2.png","width":1080,"height":1080,"caption":"Casa Cor de Rosa, M\u00e9rtola | Ground Water"},{"@type":"BreadcrumbList","@id":"https:\/\/groundwater.pt\/en\/casa-cor-de-rosa-mertola\/#breadcrumb","itemListElement":[{"@type":"ListItem","position":1,"name":"In\u00edcio","item":"https:\/\/groundwater.pt\/en\/homepage\/"},{"@type":"ListItem","position":2,"name":"Casa Cor de Rosa &#8211; M\u00e9rtola"}]},{"@type":"WebSite","@id":"https:\/\/groundwater.pt\/#website","url":"https:\/\/groundwater.pt\/","name":"Ground Water","description":"Instala\u00e7\u00e3o e manuten\u00e7\u00e3o de sistemas AVAC, energias renov\u00e1veis e instala\u00e7\u00f5es el\u00e9tricas","publisher":{"@id":"https:\/\/groundwater.pt\/#organization"},"potentialAction":[{"@type":"SearchAction","target":{"@type":"EntryPoint","urlTemplate":"https:\/\/groundwater.pt\/?s={search_term_string}"},"query-input":"required name=search_term_string"}],"inLanguage":"en-US"},{"@type":"Organization","@id":"https:\/\/groundwater.pt\/#organization","name":"Ground Water","url":"https:\/\/groundwater.pt\/","logo":{"@type":"ImageObject","inLanguage":"en-US","@id":"https:\/\/groundwater.pt\/#\/schema\/logo\/image\/","url":"https:\/\/groundwater.pt\/wp-content\/uploads\/2024\/01\/LOGO_GROUND_WATER_FINAL-01.png","contentUrl":"https:\/\/groundwater.pt\/wp-content\/uploads\/2024\/01\/LOGO_GROUND_WATER_FINAL-01.png","width":451,"height":506,"caption":"Ground Water"},"image":{"@id":"https:\/\/groundwater.pt\/#\/schema\/logo\/image\/"},"sameAs":["https:\/\/www.facebook.com\/groundwater.pt\/","https:\/\/www.linkedin.com\/company\/ground-water-lda\/"]}]}},"_links":{"self":[{"href":"https:\/\/groundwater.pt\/en\/wp-json\/wp\/v2\/pages\/3057"}],"collection":[{"href":"https:\/\/groundwater.pt\/en\/wp-json\/wp\/v2\/pages"}],"about":[{"href":"https:\/\/groundwater.pt\/en\/wp-json\/wp\/v2\/types\/page"}],"author":[{"embeddable":true,"href":"https:\/\/groundwater.pt\/en\/wp-json\/wp\/v2\/users\/1"}],"replies":[{"embeddable":true,"href":"https:\/\/groundwater.pt\/en\/wp-json\/wp\/v2\/comments?post=3057"}],"version-history":[{"count":8,"href":"https:\/\/groundwater.pt\/en\/wp-json\/wp\/v2\/pages\/3057\/revisions"}],"predecessor-version":[{"id":3583,"href":"https:\/\/groundwater.pt\/en\/wp-json\/wp\/v2\/pages\/3057\/revisions\/3583"}],"wp:featuredmedia":[{"embeddable":true,"href":"https:\/\/groundwater.pt\/en\/wp-json\/wp\/v2\/media\/2855"}],"wp:attachment":[{"href":"https:\/\/groundwater.pt\/en\/wp-json\/wp\/v2\/media?parent=3057"}],"curies":[{"name":"wp","href":"https:\/\/api.w.org\/{rel}","templated":true}]}}