{"id":3037,"date":"2024-03-25T12:45:35","date_gmt":"2024-03-25T12:45:35","guid":{"rendered":"https:\/\/groundwater.pt\/news\/"},"modified":"2024-06-28T15:36:43","modified_gmt":"2024-06-28T15:36:43","slug":"news","status":"publish","type":"page","link":"https:\/\/groundwater.pt\/en\/news\/","title":{"rendered":"News"},"content":{"rendered":"\t\t<div data-elementor-type=\"wp-page\" data-elementor-id=\"3037\" class=\"elementor elementor-3037 elementor-860\" data-elementor-post-type=\"page\">\n\t\t\t\t<div class=\"elementor-element elementor-element-74c0f87e e-flex e-con-boxed e-con e-parent\" data-id=\"74c0f87e\" data-element_type=\"container\" data-settings=\"{&quot;background_background&quot;:&quot;classic&quot;}\">\n\t\t\t\t\t<div class=\"e-con-inner\">\n\t\t\t\t<div class=\"elementor-element elementor-element-e033733 elementor-widget elementor-widget-heading\" data-id=\"e033733\" data-element_type=\"widget\" data-widget_type=\"heading.default\">\n\t\t\t\t<div class=\"elementor-widget-container\">\n\t\t\t<style>\/*! elementor - v3.21.0 - 22-05-2024 *\/\n.elementor-heading-title{padding:0;margin:0;line-height:1}.elementor-widget-heading .elementor-heading-title[class*=elementor-size-]>a{color:inherit;font-size:inherit;line-height:inherit}.elementor-widget-heading .elementor-heading-title.elementor-size-small{font-size:15px}.elementor-widget-heading .elementor-heading-title.elementor-size-medium{font-size:19px}.elementor-widget-heading .elementor-heading-title.elementor-size-large{font-size:29px}.elementor-widget-heading .elementor-heading-title.elementor-size-xl{font-size:39px}.elementor-widget-heading .elementor-heading-title.elementor-size-xxl{font-size:59px}<\/style><h2 class=\"elementor-heading-title elementor-size-default\">News<\/h2>\t\t<\/div>\n\t\t\t\t<\/div>\n\t\t\t\t\t<\/div>\n\t\t\t\t<\/div>\n\t\t<div class=\"elementor-element elementor-element-e73aa4e e-flex e-con-boxed e-con e-parent\" data-id=\"e73aa4e\" data-element_type=\"container\">\n\t\t\t\t\t<div class=\"e-con-inner\">\n\t\t\t\t\t<\/div>\n\t\t\t\t<\/div>\n\t\t\t\t<\/div>\n\t\t","protected":false},"excerpt":{"rendered":"<p>News<\/p>\n","protected":false},"author":1,"featured_media":2758,"parent":0,"menu_order":0,"comment_status":"closed","ping_status":"closed","template":"","meta":{"footnotes":""},"yoast_head":"<!-- This site is optimized with the Yoast SEO plugin v22.8 - https:\/\/yoast.com\/wordpress\/plugins\/seo\/ -->\n<title>News | Ground Water<\/title>\n<meta name=\"description\" content=\"Find out about the latest projects, technological innovations and news on sustainability and energy efficiency.\" \/>\n<meta name=\"robots\" content=\"index, follow, max-snippet:-1, max-image-preview:large, max-video-preview:-1\" \/>\n<link rel=\"canonical\" href=\"https:\/\/groundwater.pt\/en\/news\/\" \/>\n<meta property=\"og:locale\" content=\"en_US\" \/>\n<meta property=\"og:type\" content=\"article\" \/>\n<meta property=\"og:title\" content=\"News | Ground Water\" \/>\n<meta property=\"og:description\" content=\"Find out about the latest projects, technological innovations and news on sustainability and energy efficiency.\" \/>\n<meta property=\"og:url\" content=\"https:\/\/groundwater.pt\/en\/news\/\" \/>\n<meta property=\"og:site_name\" content=\"Ground Water\" \/>\n<meta property=\"article:publisher\" content=\"https:\/\/www.facebook.com\/groundwater.pt\/\" \/>\n<meta property=\"article:modified_time\" content=\"2024-06-28T15:36:43+00:00\" \/>\n<meta property=\"og:image\" content=\"https:\/\/groundwater.pt\/wp-content\/uploads\/2024\/03\/elimende-inagella-zx7VUt9txos-unsplash-scaled.jpg\" \/>\n\t<meta property=\"og:image:width\" content=\"2560\" \/>\n\t<meta property=\"og:image:height\" content=\"1709\" \/>\n\t<meta property=\"og:image:type\" content=\"image\/jpeg\" \/>\n<meta name=\"twitter:card\" content=\"summary_large_image\" \/>\n<script type=\"application\/ld+json\" class=\"yoast-schema-graph\">{\"@context\":\"https:\/\/schema.org\",\"@graph\":[{\"@type\":\"WebPage\",\"@id\":\"https:\/\/groundwater.pt\/en\/news\/\",\"url\":\"https:\/\/groundwater.pt\/en\/news\/\",\"name\":\"News | Ground Water\",\"isPartOf\":{\"@id\":\"https:\/\/groundwater.pt\/#website\"},\"primaryImageOfPage\":{\"@id\":\"https:\/\/groundwater.pt\/en\/news\/#primaryimage\"},\"image\":{\"@id\":\"https:\/\/groundwater.pt\/en\/news\/#primaryimage\"},\"thumbnailUrl\":\"https:\/\/groundwater.pt\/wp-content\/uploads\/2024\/03\/elimende-inagella-zx7VUt9txos-unsplash-scaled.jpg\",\"datePublished\":\"2024-03-25T12:45:35+00:00\",\"dateModified\":\"2024-06-28T15:36:43+00:00\",\"description\":\"Find out about the latest projects, technological innovations and news on sustainability and energy efficiency.\",\"breadcrumb\":{\"@id\":\"https:\/\/groundwater.pt\/en\/news\/#breadcrumb\"},\"inLanguage\":\"en-US\",\"potentialAction\":[{\"@type\":\"ReadAction\",\"target\":[\"https:\/\/groundwater.pt\/en\/news\/\"]}]},{\"@type\":\"ImageObject\",\"inLanguage\":\"en-US\",\"@id\":\"https:\/\/groundwater.pt\/en\/news\/#primaryimage\",\"url\":\"https:\/\/groundwater.pt\/wp-content\/uploads\/2024\/03\/elimende-inagella-zx7VUt9txos-unsplash-scaled.jpg\",\"contentUrl\":\"https:\/\/groundwater.pt\/wp-content\/uploads\/2024\/03\/elimende-inagella-zx7VUt9txos-unsplash-scaled.jpg\",\"width\":2560,\"height\":1709,\"caption\":\"Not\u00edcias | Ground Water\"},{\"@type\":\"BreadcrumbList\",\"@id\":\"https:\/\/groundwater.pt\/en\/news\/#breadcrumb\",\"itemListElement\":[{\"@type\":\"ListItem\",\"position\":1,\"name\":\"In\u00edcio\",\"item\":\"https:\/\/groundwater.pt\/en\/homepage\/\"},{\"@type\":\"ListItem\",\"position\":2,\"name\":\"News\"}]},{\"@type\":\"WebSite\",\"@id\":\"https:\/\/groundwater.pt\/#website\",\"url\":\"https:\/\/groundwater.pt\/\",\"name\":\"Ground Water\",\"description\":\"Instala\u00e7\u00e3o e manuten\u00e7\u00e3o de sistemas AVAC, energias renov\u00e1veis e instala\u00e7\u00f5es el\u00e9tricas\",\"publisher\":{\"@id\":\"https:\/\/groundwater.pt\/#organization\"},\"potentialAction\":[{\"@type\":\"SearchAction\",\"target\":{\"@type\":\"EntryPoint\",\"urlTemplate\":\"https:\/\/groundwater.pt\/?s={search_term_string}\"},\"query-input\":\"required name=search_term_string\"}],\"inLanguage\":\"en-US\"},{\"@type\":\"Organization\",\"@id\":\"https:\/\/groundwater.pt\/#organization\",\"name\":\"Ground Water\",\"url\":\"https:\/\/groundwater.pt\/\",\"logo\":{\"@type\":\"ImageObject\",\"inLanguage\":\"en-US\",\"@id\":\"https:\/\/groundwater.pt\/#\/schema\/logo\/image\/\",\"url\":\"https:\/\/groundwater.pt\/wp-content\/uploads\/2024\/01\/LOGO_GROUND_WATER_FINAL-01.png\",\"contentUrl\":\"https:\/\/groundwater.pt\/wp-content\/uploads\/2024\/01\/LOGO_GROUND_WATER_FINAL-01.png\",\"width\":451,\"height\":506,\"caption\":\"Ground Water\"},\"image\":{\"@id\":\"https:\/\/groundwater.pt\/#\/schema\/logo\/image\/\"},\"sameAs\":[\"https:\/\/www.facebook.com\/groundwater.pt\/\",\"https:\/\/www.linkedin.com\/company\/ground-water-lda\/\"]}]}<\/script>\n<!-- \/ Yoast SEO plugin. -->","yoast_head_json":{"title":"News | Ground Water","description":"Find out about the latest projects, technological innovations and news on sustainability and energy efficiency.","robots":{"index":"index","follow":"follow","max-snippet":"max-snippet:-1","max-image-preview":"max-image-preview:large","max-video-preview":"max-video-preview:-1"},"canonical":"https:\/\/groundwater.pt\/en\/news\/","og_locale":"en_US","og_type":"article","og_title":"News | Ground Water","og_description":"Find out about the latest projects, technological innovations and news on sustainability and energy efficiency.","og_url":"https:\/\/groundwater.pt\/en\/news\/","og_site_name":"Ground Water","article_publisher":"https:\/\/www.facebook.com\/groundwater.pt\/","article_modified_time":"2024-06-28T15:36:43+00:00","og_image":[{"width":2560,"height":1709,"url":"https:\/\/groundwater.pt\/wp-content\/uploads\/2024\/03\/elimende-inagella-zx7VUt9txos-unsplash-scaled.jpg","type":"image\/jpeg"}],"twitter_card":"summary_large_image","schema":{"@context":"https:\/\/schema.org","@graph":[{"@type":"WebPage","@id":"https:\/\/groundwater.pt\/en\/news\/","url":"https:\/\/groundwater.pt\/en\/news\/","name":"News | Ground Water","isPartOf":{"@id":"https:\/\/groundwater.pt\/#website"},"primaryImageOfPage":{"@id":"https:\/\/groundwater.pt\/en\/news\/#primaryimage"},"image":{"@id":"https:\/\/groundwater.pt\/en\/news\/#primaryimage"},"thumbnailUrl":"https:\/\/groundwater.pt\/wp-content\/uploads\/2024\/03\/elimende-inagella-zx7VUt9txos-unsplash-scaled.jpg","datePublished":"2024-03-25T12:45:35+00:00","dateModified":"2024-06-28T15:36:43+00:00","description":"Find out about the latest projects, technological innovations and news on sustainability and energy efficiency.","breadcrumb":{"@id":"https:\/\/groundwater.pt\/en\/news\/#breadcrumb"},"inLanguage":"en-US","potentialAction":[{"@type":"ReadAction","target":["https:\/\/groundwater.pt\/en\/news\/"]}]},{"@type":"ImageObject","inLanguage":"en-US","@id":"https:\/\/groundwater.pt\/en\/news\/#primaryimage","url":"https:\/\/groundwater.pt\/wp-content\/uploads\/2024\/03\/elimende-inagella-zx7VUt9txos-unsplash-scaled.jpg","contentUrl":"https:\/\/groundwater.pt\/wp-content\/uploads\/2024\/03\/elimende-inagella-zx7VUt9txos-unsplash-scaled.jpg","width":2560,"height":1709,"caption":"Not\u00edcias | Ground Water"},{"@type":"BreadcrumbList","@id":"https:\/\/groundwater.pt\/en\/news\/#breadcrumb","itemListElement":[{"@type":"ListItem","position":1,"name":"In\u00edcio","item":"https:\/\/groundwater.pt\/en\/homepage\/"},{"@type":"ListItem","position":2,"name":"News"}]},{"@type":"WebSite","@id":"https:\/\/groundwater.pt\/#website","url":"https:\/\/groundwater.pt\/","name":"Ground Water","description":"Instala\u00e7\u00e3o e manuten\u00e7\u00e3o de sistemas AVAC, energias renov\u00e1veis e instala\u00e7\u00f5es el\u00e9tricas","publisher":{"@id":"https:\/\/groundwater.pt\/#organization"},"potentialAction":[{"@type":"SearchAction","target":{"@type":"EntryPoint","urlTemplate":"https:\/\/groundwater.pt\/?s={search_term_string}"},"query-input":"required name=search_term_string"}],"inLanguage":"en-US"},{"@type":"Organization","@id":"https:\/\/groundwater.pt\/#organization","name":"Ground Water","url":"https:\/\/groundwater.pt\/","logo":{"@type":"ImageObject","inLanguage":"en-US","@id":"https:\/\/groundwater.pt\/#\/schema\/logo\/image\/","url":"https:\/\/groundwater.pt\/wp-content\/uploads\/2024\/01\/LOGO_GROUND_WATER_FINAL-01.png","contentUrl":"https:\/\/groundwater.pt\/wp-content\/uploads\/2024\/01\/LOGO_GROUND_WATER_FINAL-01.png","width":451,"height":506,"caption":"Ground Water"},"image":{"@id":"https:\/\/groundwater.pt\/#\/schema\/logo\/image\/"},"sameAs":["https:\/\/www.facebook.com\/groundwater.pt\/","https:\/\/www.linkedin.com\/company\/ground-water-lda\/"]}]}},"_links":{"self":[{"href":"https:\/\/groundwater.pt\/en\/wp-json\/wp\/v2\/pages\/3037"}],"collection":[{"href":"https:\/\/groundwater.pt\/en\/wp-json\/wp\/v2\/pages"}],"about":[{"href":"https:\/\/groundwater.pt\/en\/wp-json\/wp\/v2\/types\/page"}],"author":[{"embeddable":true,"href":"https:\/\/groundwater.pt\/en\/wp-json\/wp\/v2\/users\/1"}],"replies":[{"embeddable":true,"href":"https:\/\/groundwater.pt\/en\/wp-json\/wp\/v2\/comments?post=3037"}],"version-history":[{"count":6,"href":"https:\/\/groundwater.pt\/en\/wp-json\/wp\/v2\/pages\/3037\/revisions"}],"predecessor-version":[{"id":3592,"href":"https:\/\/groundwater.pt\/en\/wp-json\/wp\/v2\/pages\/3037\/revisions\/3592"}],"wp:featuredmedia":[{"embeddable":true,"href":"https:\/\/groundwater.pt\/en\/wp-json\/wp\/v2\/media\/2758"}],"wp:attachment":[{"href":"https:\/\/groundwater.pt\/en\/wp-json\/wp\/v2\/media?parent=3037"}],"curies":[{"name":"wp","href":"https:\/\/api.w.org\/{rel}","templated":true}]}}