{"id":3031,"date":"2024-03-20T16:46:12","date_gmt":"2024-03-20T16:46:12","guid":{"rendered":"https:\/\/groundwater.pt\/rossio-garden-hotel\/"},"modified":"2024-06-28T15:47:53","modified_gmt":"2024-06-28T15:47:53","slug":"rossio-garden-hotel","status":"publish","type":"page","link":"https:\/\/groundwater.pt\/en\/rossio-garden-hotel\/","title":{"rendered":"Rossio Garden Hotel"},"content":{"rendered":"\t\t<div data-elementor-type=\"wp-page\" data-elementor-id=\"3031\" class=\"elementor elementor-3031 elementor-649\" data-elementor-post-type=\"page\">\n\t\t\t\t<div class=\"elementor-element elementor-element-29efb41 e-flex e-con-boxed e-con e-parent\" data-id=\"29efb41\" data-element_type=\"container\" data-settings=\"{&quot;background_background&quot;:&quot;classic&quot;}\">\n\t\t\t\t\t<div class=\"e-con-inner\">\n\t\t\t\t<div class=\"elementor-element elementor-element-7845b3e elementor-widget elementor-widget-heading\" data-id=\"7845b3e\" data-element_type=\"widget\" data-widget_type=\"heading.default\">\n\t\t\t\t<div class=\"elementor-widget-container\">\n\t\t\t<style>\/*! elementor - v3.21.0 - 22-05-2024 *\/\n.elementor-heading-title{padding:0;margin:0;line-height:1}.elementor-widget-heading .elementor-heading-title[class*=elementor-size-]>a{color:inherit;font-size:inherit;line-height:inherit}.elementor-widget-heading .elementor-heading-title.elementor-size-small{font-size:15px}.elementor-widget-heading .elementor-heading-title.elementor-size-medium{font-size:19px}.elementor-widget-heading .elementor-heading-title.elementor-size-large{font-size:29px}.elementor-widget-heading .elementor-heading-title.elementor-size-xl{font-size:39px}.elementor-widget-heading .elementor-heading-title.elementor-size-xxl{font-size:59px}<\/style><h2 class=\"elementor-heading-title elementor-size-default\">Rossio Garden Hotel<\/h2>\t\t<\/div>\n\t\t\t\t<\/div>\n\t\t\t\t\t<\/div>\n\t\t\t\t<\/div>\n\t\t<div class=\"elementor-element elementor-element-2ae1b30 e-flex e-con-boxed e-con e-parent\" data-id=\"2ae1b30\" data-element_type=\"container\">\n\t\t\t\t\t<div class=\"e-con-inner\">\n\t\t\t\t<div class=\"elementor-element elementor-element-e11d58c elementor-widget elementor-widget-spacer\" data-id=\"e11d58c\" data-element_type=\"widget\" data-widget_type=\"spacer.default\">\n\t\t\t\t<div class=\"elementor-widget-container\">\n\t\t\t<style>\/*! elementor - v3.21.0 - 22-05-2024 *\/\n.elementor-column .elementor-spacer-inner{height:var(--spacer-size)}.e-con{--container-widget-width:100%}.e-con-inner>.elementor-widget-spacer,.e-con>.elementor-widget-spacer{width:var(--container-widget-width,var(--spacer-size));--align-self:var(--container-widget-align-self,initial);--flex-shrink:0}.e-con-inner>.elementor-widget-spacer>.elementor-widget-container,.e-con>.elementor-widget-spacer>.elementor-widget-container{height:100%;width:100%}.e-con-inner>.elementor-widget-spacer>.elementor-widget-container>.elementor-spacer,.e-con>.elementor-widget-spacer>.elementor-widget-container>.elementor-spacer{height:100%}.e-con-inner>.elementor-widget-spacer>.elementor-widget-container>.elementor-spacer>.elementor-spacer-inner,.e-con>.elementor-widget-spacer>.elementor-widget-container>.elementor-spacer>.elementor-spacer-inner{height:var(--container-widget-height,var(--spacer-size))}.e-con-inner>.elementor-widget-spacer.elementor-widget-empty,.e-con>.elementor-widget-spacer.elementor-widget-empty{position:relative;min-height:22px;min-width:22px}.e-con-inner>.elementor-widget-spacer.elementor-widget-empty .elementor-widget-empty-icon,.e-con>.elementor-widget-spacer.elementor-widget-empty .elementor-widget-empty-icon{position:absolute;top:0;bottom:0;left:0;right:0;margin:auto;padding:0;width:22px;height:22px}<\/style>\t\t<div class=\"elementor-spacer\">\n\t\t\t<div class=\"elementor-spacer-inner\"><\/div>\n\t\t<\/div>\n\t\t\t\t<\/div>\n\t\t\t\t<\/div>\n\t\t\t\t\t<\/div>\n\t\t\t\t<\/div>\n\t\t<div class=\"elementor-element elementor-element-2c71be4 e-flex e-con-boxed e-con e-parent\" data-id=\"2c71be4\" data-element_type=\"container\">\n\t\t\t\t\t<div class=\"e-con-inner\">\n\t\t\t\t<div class=\"elementor-element elementor-element-54a78bb elementor-arrows-position-inside elementor-pagination-position-outside elementor-widget elementor-widget-image-carousel\" data-id=\"54a78bb\" data-element_type=\"widget\" data-settings=\"{&quot;slides_to_show&quot;:&quot;1&quot;,&quot;navigation&quot;:&quot;both&quot;,&quot;autoplay&quot;:&quot;yes&quot;,&quot;pause_on_hover&quot;:&quot;yes&quot;,&quot;pause_on_interaction&quot;:&quot;yes&quot;,&quot;autoplay_speed&quot;:5000,&quot;infinite&quot;:&quot;yes&quot;,&quot;effect&quot;:&quot;slide&quot;,&quot;speed&quot;:500}\" data-widget_type=\"image-carousel.default\">\n\t\t\t\t<div class=\"elementor-widget-container\">\n\t\t\t<style>\/*! elementor - v3.21.0 - 22-05-2024 *\/\n.elementor-widget-image-carousel .swiper,.elementor-widget-image-carousel .swiper-container{position:static}.elementor-widget-image-carousel .swiper-container .swiper-slide figure,.elementor-widget-image-carousel .swiper .swiper-slide figure{line-height:inherit}.elementor-widget-image-carousel .swiper-slide{text-align:center}.elementor-image-carousel-wrapper:not(.swiper-container-initialized):not(.swiper-initialized) .swiper-slide{max-width:calc(100% \/ var(--e-image-carousel-slides-to-show, 3))}<\/style>\t\t<div class=\"elementor-image-carousel-wrapper swiper\" dir=\"ltr\">\n\t\t\t<div class=\"elementor-image-carousel swiper-wrapper swiper-image-stretch\" aria-live=\"off\">\n\t\t\t\t\t\t\t\t<div class=\"swiper-slide\" role=\"group\" aria-roledescription=\"slide\" aria-label=\"1 of 1\"><figure class=\"swiper-slide-inner\"><img decoding=\"async\" class=\"swiper-slide-image\" src=\"https:\/\/groundwater.pt\/wp-content\/uploads\/2024\/03\/82284978-3.jpg\" alt=\"Rossio Garden Hotel | Ground Water\" \/><\/figure><\/div>\t\t\t<\/div>\n\t\t\t\t\t<\/div>\n\t\t\t\t<\/div>\n\t\t\t\t<\/div>\n\t\t\t\t\t<\/div>\n\t\t\t\t<\/div>\n\t\t<div class=\"elementor-element elementor-element-eeeac64 e-flex e-con-boxed e-con e-parent\" data-id=\"eeeac64\" data-element_type=\"container\">\n\t\t\t\t\t<div class=\"e-con-inner\">\n\t\t\t\t<div class=\"elementor-element elementor-element-6a81508 elementor-widget elementor-widget-icon-box\" data-id=\"6a81508\" data-element_type=\"widget\" data-widget_type=\"icon-box.default\">\n\t\t\t\t<div class=\"elementor-widget-container\">\n\t\t\t<link rel=\"stylesheet\" href=\"https:\/\/groundwater.pt\/wp-content\/uploads\/elementor\/css\/custom-widget-icon-box.min.css?ver=1717971525\">\t\t<div class=\"elementor-icon-box-wrapper\">\n\n\t\t\t\n\t\t\t\t\t\t<div class=\"elementor-icon-box-content\">\n\n\t\t\t\t\n\t\t\t\t\t\t\t\t\t<p class=\"elementor-icon-box-description\">\n\t\t\t\t\t\tRossio Garden Hotel\t\t\t\t\t<\/p>\n\t\t\t\t\n\t\t\t<\/div>\n\t\t\t\n\t\t<\/div>\n\t\t\t\t<\/div>\n\t\t\t\t<\/div>\n\t\t\t\t<div class=\"elementor-element elementor-element-d373cf4 elementor-widget elementor-widget-text-editor\" data-id=\"d373cf4\" data-element_type=\"widget\" data-widget_type=\"text-editor.default\">\n\t\t\t\t<div class=\"elementor-widget-container\">\n\t\t\t<style>\/*! elementor - v3.21.0 - 22-05-2024 *\/\n.elementor-widget-text-editor.elementor-drop-cap-view-stacked .elementor-drop-cap{background-color:#69727d;color:#fff}.elementor-widget-text-editor.elementor-drop-cap-view-framed .elementor-drop-cap{color:#69727d;border:3px solid;background-color:transparent}.elementor-widget-text-editor:not(.elementor-drop-cap-view-default) .elementor-drop-cap{margin-top:8px}.elementor-widget-text-editor:not(.elementor-drop-cap-view-default) .elementor-drop-cap-letter{width:1em;height:1em}.elementor-widget-text-editor .elementor-drop-cap{float:left;text-align:center;line-height:1;font-size:50px}.elementor-widget-text-editor .elementor-drop-cap-letter{display:inline-block}<\/style>\t\t\t\t<p>The <a href=\"https:\/\/www.rossiogardenhotel.com\/?lang=pt-pt\">Rossio Garden Hotel<\/a> installed a <strong>heating, ventilation and air-conditioning<\/strong> (HVAC) system consisting of <strong>large space cooling systems<\/strong> (VRF) with <strong>wall units<\/strong> <strong>and<\/strong> <strong>bathroom ventilation<\/strong>.<\/p>\n\t\t\t\t\t\t<\/div>\n\t\t\t\t<\/div>\n\t\t\t\t\t<\/div>\n\t\t\t\t<\/div>\n\t\t<div class=\"elementor-element elementor-element-86b31fd e-flex e-con-boxed e-con e-parent\" data-id=\"86b31fd\" data-element_type=\"container\">\n\t\t\t\t\t<div class=\"e-con-inner\">\n\t\t\t\t<div class=\"elementor-element elementor-element-1b0c99f elementor-widget__width-initial elementor-tablet-align-left elementor-widget-tablet__width-initial elementor-align-right elementor-widget elementor-widget-button\" data-id=\"1b0c99f\" data-element_type=\"widget\" data-widget_type=\"button.default\">\n\t\t\t\t<div class=\"elementor-widget-container\">\n\t\t\t\t\t<div class=\"elementor-button-wrapper\">\n\t\t\t<a class=\"elementor-button elementor-button-link elementor-size-sm\" href=\"https:\/\/groundwater.pt\/projetos\/\">\n\t\t\t\t\t\t<span class=\"elementor-button-content-wrapper\">\n\t\t\t\t\t\t\t\t\t<span class=\"elementor-button-text\">BACK<\/span>\n\t\t\t\t\t<\/span>\n\t\t\t\t\t<\/a>\n\t\t<\/div>\n\t\t\t\t<\/div>\n\t\t\t\t<\/div>\n\t\t\t\t\t<\/div>\n\t\t\t\t<\/div>\n\t\t<div class=\"elementor-element elementor-element-ae86733 e-flex e-con-boxed e-con e-parent\" data-id=\"ae86733\" data-element_type=\"container\">\n\t\t\t\t\t<div class=\"e-con-inner\">\n\t\t\t\t<div class=\"elementor-element elementor-element-0927883 elementor-widget elementor-widget-spacer\" data-id=\"0927883\" data-element_type=\"widget\" data-widget_type=\"spacer.default\">\n\t\t\t\t<div class=\"elementor-widget-container\">\n\t\t\t\t\t<div class=\"elementor-spacer\">\n\t\t\t<div class=\"elementor-spacer-inner\"><\/div>\n\t\t<\/div>\n\t\t\t\t<\/div>\n\t\t\t\t<\/div>\n\t\t\t\t\t<\/div>\n\t\t\t\t<\/div>\n\t\t\t\t<\/div>\n\t\t","protected":false},"excerpt":{"rendered":"<p>Rossio Garden Hotel Rossio Garden Hotel The Rossio Garden Hotel installed a heating, ventilation and air-conditioning (HVAC) system consisting of large space cooling systems (VRF) with wall units and bathroom ventilation. BACK<\/p>\n","protected":false},"author":1,"featured_media":2888,"parent":0,"menu_order":0,"comment_status":"closed","ping_status":"closed","template":"","meta":{"footnotes":""},"yoast_head":"<!-- This site is optimized with the Yoast SEO plugin v22.8 - https:\/\/yoast.com\/wordpress\/plugins\/seo\/ -->\n<title>Rossio Garden Hotel | Ground Water Project<\/title>\n<meta name=\"description\" content=\"Learn about the Rossio Garden Hotel project in which a heating, ventilation and air-conditioning system was installed.\" \/>\n<meta name=\"robots\" content=\"index, follow, max-snippet:-1, max-image-preview:large, max-video-preview:-1\" \/>\n<link rel=\"canonical\" href=\"https:\/\/groundwater.pt\/en\/rossio-garden-hotel\/\" \/>\n<meta property=\"og:locale\" content=\"en_US\" \/>\n<meta property=\"og:type\" content=\"article\" \/>\n<meta property=\"og:title\" content=\"Rossio Garden Hotel | Ground Water Project\" \/>\n<meta property=\"og:description\" content=\"Learn about the Rossio Garden Hotel project in which a heating, ventilation and air-conditioning system was installed.\" \/>\n<meta property=\"og:url\" content=\"https:\/\/groundwater.pt\/en\/rossio-garden-hotel\/\" \/>\n<meta property=\"og:site_name\" content=\"Ground Water\" \/>\n<meta property=\"article:publisher\" content=\"https:\/\/www.facebook.com\/groundwater.pt\/\" \/>\n<meta property=\"article:modified_time\" content=\"2024-06-28T15:47:53+00:00\" \/>\n<meta property=\"og:image\" content=\"https:\/\/groundwater.pt\/wp-content\/uploads\/2024\/03\/82284978-3.jpg\" \/>\n\t<meta property=\"og:image:width\" content=\"1024\" \/>\n\t<meta property=\"og:image:height\" content=\"683\" \/>\n\t<meta property=\"og:image:type\" content=\"image\/jpeg\" \/>\n<meta name=\"twitter:card\" content=\"summary_large_image\" \/>\n<meta name=\"twitter:label1\" content=\"Est. reading time\" \/>\n\t<meta name=\"twitter:data1\" content=\"1 minute\" \/>\n<script type=\"application\/ld+json\" class=\"yoast-schema-graph\">{\"@context\":\"https:\/\/schema.org\",\"@graph\":[{\"@type\":\"WebPage\",\"@id\":\"https:\/\/groundwater.pt\/en\/rossio-garden-hotel\/\",\"url\":\"https:\/\/groundwater.pt\/en\/rossio-garden-hotel\/\",\"name\":\"Rossio Garden Hotel | Ground Water Project\",\"isPartOf\":{\"@id\":\"https:\/\/groundwater.pt\/#website\"},\"primaryImageOfPage\":{\"@id\":\"https:\/\/groundwater.pt\/en\/rossio-garden-hotel\/#primaryimage\"},\"image\":{\"@id\":\"https:\/\/groundwater.pt\/en\/rossio-garden-hotel\/#primaryimage\"},\"thumbnailUrl\":\"https:\/\/groundwater.pt\/wp-content\/uploads\/2024\/03\/82284978-3.jpg\",\"datePublished\":\"2024-03-20T16:46:12+00:00\",\"dateModified\":\"2024-06-28T15:47:53+00:00\",\"description\":\"Learn about the Rossio Garden Hotel project in which a heating, ventilation and air-conditioning system was installed.\",\"breadcrumb\":{\"@id\":\"https:\/\/groundwater.pt\/en\/rossio-garden-hotel\/#breadcrumb\"},\"inLanguage\":\"en-US\",\"potentialAction\":[{\"@type\":\"ReadAction\",\"target\":[\"https:\/\/groundwater.pt\/en\/rossio-garden-hotel\/\"]}]},{\"@type\":\"ImageObject\",\"inLanguage\":\"en-US\",\"@id\":\"https:\/\/groundwater.pt\/en\/rossio-garden-hotel\/#primaryimage\",\"url\":\"https:\/\/groundwater.pt\/wp-content\/uploads\/2024\/03\/82284978-3.jpg\",\"contentUrl\":\"https:\/\/groundwater.pt\/wp-content\/uploads\/2024\/03\/82284978-3.jpg\",\"width\":1024,\"height\":683,\"caption\":\"Rossio Garden Hotel | Ground Water\"},{\"@type\":\"BreadcrumbList\",\"@id\":\"https:\/\/groundwater.pt\/en\/rossio-garden-hotel\/#breadcrumb\",\"itemListElement\":[{\"@type\":\"ListItem\",\"position\":1,\"name\":\"In\u00edcio\",\"item\":\"https:\/\/groundwater.pt\/en\/homepage\/\"},{\"@type\":\"ListItem\",\"position\":2,\"name\":\"Rossio Garden Hotel\"}]},{\"@type\":\"WebSite\",\"@id\":\"https:\/\/groundwater.pt\/#website\",\"url\":\"https:\/\/groundwater.pt\/\",\"name\":\"Ground Water\",\"description\":\"Instala\u00e7\u00e3o e manuten\u00e7\u00e3o de sistemas AVAC, energias renov\u00e1veis e instala\u00e7\u00f5es el\u00e9tricas\",\"publisher\":{\"@id\":\"https:\/\/groundwater.pt\/#organization\"},\"potentialAction\":[{\"@type\":\"SearchAction\",\"target\":{\"@type\":\"EntryPoint\",\"urlTemplate\":\"https:\/\/groundwater.pt\/?s={search_term_string}\"},\"query-input\":\"required name=search_term_string\"}],\"inLanguage\":\"en-US\"},{\"@type\":\"Organization\",\"@id\":\"https:\/\/groundwater.pt\/#organization\",\"name\":\"Ground Water\",\"url\":\"https:\/\/groundwater.pt\/\",\"logo\":{\"@type\":\"ImageObject\",\"inLanguage\":\"en-US\",\"@id\":\"https:\/\/groundwater.pt\/#\/schema\/logo\/image\/\",\"url\":\"https:\/\/groundwater.pt\/wp-content\/uploads\/2024\/01\/LOGO_GROUND_WATER_FINAL-01.png\",\"contentUrl\":\"https:\/\/groundwater.pt\/wp-content\/uploads\/2024\/01\/LOGO_GROUND_WATER_FINAL-01.png\",\"width\":451,\"height\":506,\"caption\":\"Ground Water\"},\"image\":{\"@id\":\"https:\/\/groundwater.pt\/#\/schema\/logo\/image\/\"},\"sameAs\":[\"https:\/\/www.facebook.com\/groundwater.pt\/\",\"https:\/\/www.linkedin.com\/company\/ground-water-lda\/\"]}]}<\/script>\n<!-- \/ Yoast SEO plugin. -->","yoast_head_json":{"title":"Rossio Garden Hotel | Ground Water Project","description":"Learn about the Rossio Garden Hotel project in which a heating, ventilation and air-conditioning system was installed.","robots":{"index":"index","follow":"follow","max-snippet":"max-snippet:-1","max-image-preview":"max-image-preview:large","max-video-preview":"max-video-preview:-1"},"canonical":"https:\/\/groundwater.pt\/en\/rossio-garden-hotel\/","og_locale":"en_US","og_type":"article","og_title":"Rossio Garden Hotel | Ground Water Project","og_description":"Learn about the Rossio Garden Hotel project in which a heating, ventilation and air-conditioning system was installed.","og_url":"https:\/\/groundwater.pt\/en\/rossio-garden-hotel\/","og_site_name":"Ground Water","article_publisher":"https:\/\/www.facebook.com\/groundwater.pt\/","article_modified_time":"2024-06-28T15:47:53+00:00","og_image":[{"width":1024,"height":683,"url":"https:\/\/groundwater.pt\/wp-content\/uploads\/2024\/03\/82284978-3.jpg","type":"image\/jpeg"}],"twitter_card":"summary_large_image","twitter_misc":{"Est. reading time":"1 minute"},"schema":{"@context":"https:\/\/schema.org","@graph":[{"@type":"WebPage","@id":"https:\/\/groundwater.pt\/en\/rossio-garden-hotel\/","url":"https:\/\/groundwater.pt\/en\/rossio-garden-hotel\/","name":"Rossio Garden Hotel | Ground Water Project","isPartOf":{"@id":"https:\/\/groundwater.pt\/#website"},"primaryImageOfPage":{"@id":"https:\/\/groundwater.pt\/en\/rossio-garden-hotel\/#primaryimage"},"image":{"@id":"https:\/\/groundwater.pt\/en\/rossio-garden-hotel\/#primaryimage"},"thumbnailUrl":"https:\/\/groundwater.pt\/wp-content\/uploads\/2024\/03\/82284978-3.jpg","datePublished":"2024-03-20T16:46:12+00:00","dateModified":"2024-06-28T15:47:53+00:00","description":"Learn about the Rossio Garden Hotel project in which a heating, ventilation and air-conditioning system was installed.","breadcrumb":{"@id":"https:\/\/groundwater.pt\/en\/rossio-garden-hotel\/#breadcrumb"},"inLanguage":"en-US","potentialAction":[{"@type":"ReadAction","target":["https:\/\/groundwater.pt\/en\/rossio-garden-hotel\/"]}]},{"@type":"ImageObject","inLanguage":"en-US","@id":"https:\/\/groundwater.pt\/en\/rossio-garden-hotel\/#primaryimage","url":"https:\/\/groundwater.pt\/wp-content\/uploads\/2024\/03\/82284978-3.jpg","contentUrl":"https:\/\/groundwater.pt\/wp-content\/uploads\/2024\/03\/82284978-3.jpg","width":1024,"height":683,"caption":"Rossio Garden Hotel | Ground Water"},{"@type":"BreadcrumbList","@id":"https:\/\/groundwater.pt\/en\/rossio-garden-hotel\/#breadcrumb","itemListElement":[{"@type":"ListItem","position":1,"name":"In\u00edcio","item":"https:\/\/groundwater.pt\/en\/homepage\/"},{"@type":"ListItem","position":2,"name":"Rossio Garden Hotel"}]},{"@type":"WebSite","@id":"https:\/\/groundwater.pt\/#website","url":"https:\/\/groundwater.pt\/","name":"Ground Water","description":"Instala\u00e7\u00e3o e manuten\u00e7\u00e3o de sistemas AVAC, energias renov\u00e1veis e instala\u00e7\u00f5es el\u00e9tricas","publisher":{"@id":"https:\/\/groundwater.pt\/#organization"},"potentialAction":[{"@type":"SearchAction","target":{"@type":"EntryPoint","urlTemplate":"https:\/\/groundwater.pt\/?s={search_term_string}"},"query-input":"required name=search_term_string"}],"inLanguage":"en-US"},{"@type":"Organization","@id":"https:\/\/groundwater.pt\/#organization","name":"Ground Water","url":"https:\/\/groundwater.pt\/","logo":{"@type":"ImageObject","inLanguage":"en-US","@id":"https:\/\/groundwater.pt\/#\/schema\/logo\/image\/","url":"https:\/\/groundwater.pt\/wp-content\/uploads\/2024\/01\/LOGO_GROUND_WATER_FINAL-01.png","contentUrl":"https:\/\/groundwater.pt\/wp-content\/uploads\/2024\/01\/LOGO_GROUND_WATER_FINAL-01.png","width":451,"height":506,"caption":"Ground Water"},"image":{"@id":"https:\/\/groundwater.pt\/#\/schema\/logo\/image\/"},"sameAs":["https:\/\/www.facebook.com\/groundwater.pt\/","https:\/\/www.linkedin.com\/company\/ground-water-lda\/"]}]}},"_links":{"self":[{"href":"https:\/\/groundwater.pt\/en\/wp-json\/wp\/v2\/pages\/3031"}],"collection":[{"href":"https:\/\/groundwater.pt\/en\/wp-json\/wp\/v2\/pages"}],"about":[{"href":"https:\/\/groundwater.pt\/en\/wp-json\/wp\/v2\/types\/page"}],"author":[{"embeddable":true,"href":"https:\/\/groundwater.pt\/en\/wp-json\/wp\/v2\/users\/1"}],"replies":[{"embeddable":true,"href":"https:\/\/groundwater.pt\/en\/wp-json\/wp\/v2\/comments?post=3031"}],"version-history":[{"count":9,"href":"https:\/\/groundwater.pt\/en\/wp-json\/wp\/v2\/pages\/3031\/revisions"}],"predecessor-version":[{"id":3594,"href":"https:\/\/groundwater.pt\/en\/wp-json\/wp\/v2\/pages\/3031\/revisions\/3594"}],"wp:featuredmedia":[{"embeddable":true,"href":"https:\/\/groundwater.pt\/en\/wp-json\/wp\/v2\/media\/2888"}],"wp:attachment":[{"href":"https:\/\/groundwater.pt\/en\/wp-json\/wp\/v2\/media?parent=3031"}],"curies":[{"name":"wp","href":"https:\/\/api.w.org\/{rel}","templated":true}]}}